{"id":198,"date":"2020-09-04T10:53:29","date_gmt":"2020-09-04T08:53:29","guid":{"rendered":"https:\/\/ktwlegal.smarthost.pl\/ktw.legal\/?page_id=198"},"modified":"2020-11-03T08:16:02","modified_gmt":"2020-11-03T07:16:02","slug":"front-page","status":"publish","type":"page","link":"https:\/\/ktw.legal\/en\/","title":{"rendered":"Front page"},"content":{"rendered":"\n<div class=\"wp-block-columns alignwide my-3 my-xxl-6 fullwidth-tablet is-layout-flex wp-container-core-columns-is-layout-9d6595d7 wp-block-columns-is-layout-flex\">\n<div class=\"wp-block-column pr-xl-3 pr-xxl-5 is-layout-flow wp-block-column-is-layout-flow\">\n<h2 class=\"wp-block-heading\">Take business into your own hands<\/h2>\n\n\n\n<p><strong>Leave legal issues to our specialists<\/strong>.<\/p>\n<\/div>\n\n\n\n<div class=\"wp-block-column custom-2-columns__fixed-width is-layout-flow wp-block-column-is-layout-flow\"><\/div>\n<\/div>\n\n\n\n<h2 class=\"has-text-align-center mb-3 mb-xxl-6 wp-block-heading\">The main specializations<\/h2>\n\n\n<div id=\"specjalizacje-block_5f4e5320a350b\" class=\"rk_block__specjalizacje alignwide\">\n\t\t\t<div class=\"specjalizacje__box items-mod-1\">\n\t\t\t\t\t\t\t<a href=\"https:\/\/ktw.legal\/en\/specialization\/wsparcie-biznesu\/\" class=\"specjalizacje__item\">\n\t<div>\n\t\t<img decoding=\"async\" src=\"https:\/\/ktw.legal\/wp-content\/uploads\/2020\/09\/ktw-icons-homepage-specjalizacje-1.svg\" alt=\"Wsparcie biznesu\">\n\t\t<h3>Business support<\/h3>\n\t\t<span><i>Find out more<\/i><svg xmlns=\"http:\/\/www.w3.org\/2000\/svg\" width=\"24\" height=\"24\" viewBox=\"0 0 24 24\"><path d=\"M0 0h24v24H0z\" fill=\"none\"\/><path fill=\"currentColor\" d=\"M12 4l-1.41 1.41L16.17 11H4v2h12.17l-5.58 5.59L12 20l8-8z\"\/><\/svg><\/span>\n\t<\/div>\n<\/a>\n\t\t\t\t\t\t\t<a href=\"https:\/\/ktw.legal\/en\/specialization\/legal-service-for-industry\/\" class=\"specjalizacje__item\">\n\t<div>\n\t\t<img decoding=\"async\" src=\"https:\/\/ktw.legal\/wp-content\/uploads\/2020\/09\/ktw-icons-homepage-specjalizacje-2.svg\" alt=\"Obs\u0142uga przemys\u0142u\">\n\t\t<h3>Legal service for industry<\/h3>\n\t\t<span><i>Find out more<\/i><svg xmlns=\"http:\/\/www.w3.org\/2000\/svg\" width=\"24\" height=\"24\" viewBox=\"0 0 24 24\"><path d=\"M0 0h24v24H0z\" fill=\"none\"\/><path fill=\"currentColor\" d=\"M12 4l-1.41 1.41L16.17 11H4v2h12.17l-5.58 5.59L12 20l8-8z\"\/><\/svg><\/span>\n\t<\/div>\n<\/a>\n\t\t\t\t\t\t\t<a href=\"https:\/\/ktw.legal\/en\/specialization\/ip-it\/\" class=\"specjalizacje__item\">\n\t<div>\n\t\t<img decoding=\"async\" src=\"https:\/\/ktw.legal\/wp-content\/uploads\/2020\/09\/ktw-icons-homepage-specjalizacje-3.svg\" alt=\"IP\/IT\">\n\t\t<h3>IP\/IT<\/h3>\n\t\t<span><i>Find out more<\/i><svg xmlns=\"http:\/\/www.w3.org\/2000\/svg\" width=\"24\" height=\"24\" viewBox=\"0 0 24 24\"><path d=\"M0 0h24v24H0z\" fill=\"none\"\/><path fill=\"currentColor\" d=\"M12 4l-1.41 1.41L16.17 11H4v2h12.17l-5.58 5.59L12 20l8-8z\"\/><\/svg><\/span>\n\t<\/div>\n<\/a>\n\t\t\t\t\t\t\t<a href=\"https:\/\/ktw.legal\/en\/specialization\/labor-law\/\" class=\"specjalizacje__item\">\n\t<div>\n\t\t<img decoding=\"async\" src=\"https:\/\/ktw.legal\/wp-content\/uploads\/2020\/09\/ktw-icons-homepage-specjalizacje-4.svg\" alt=\"Prawo pracy\">\n\t\t<h3>Employment and labour law<\/h3>\n\t\t<span><i>Find out more<\/i><svg xmlns=\"http:\/\/www.w3.org\/2000\/svg\" width=\"24\" height=\"24\" viewBox=\"0 0 24 24\"><path d=\"M0 0h24v24H0z\" fill=\"none\"\/><path fill=\"currentColor\" d=\"M12 4l-1.41 1.41L16.17 11H4v2h12.17l-5.58 5.59L12 20l8-8z\"\/><\/svg><\/span>\n\t<\/div>\n<\/a>\n\t\t\t\t\t\t\t<a href=\"https:\/\/ktw.legal\/en\/specialization\/competition-law\/\" class=\"specjalizacje__item\">\n\t<div>\n\t\t<img decoding=\"async\" src=\"https:\/\/ktw.legal\/wp-content\/uploads\/2020\/09\/ktw-icons-homepage-specjalizacje-5.svg\" alt=\"Prawo konkurencji\">\n\t\t<h3>Competition law<\/h3>\n\t\t<span><i>Find out more<\/i><svg xmlns=\"http:\/\/www.w3.org\/2000\/svg\" width=\"24\" height=\"24\" viewBox=\"0 0 24 24\"><path d=\"M0 0h24v24H0z\" fill=\"none\"\/><path fill=\"currentColor\" d=\"M12 4l-1.41 1.41L16.17 11H4v2h12.17l-5.58 5.59L12 20l8-8z\"\/><\/svg><\/span>\n\t<\/div>\n<\/a>\n\t\t\t\t\t\t\t<a href=\"https:\/\/ktw.legal\/en\/specialization\/real-estate-and-construction-development\/\" class=\"specjalizacje__item\">\n\t<div>\n\t\t<img decoding=\"async\" src=\"https:\/\/ktw.legal\/wp-content\/uploads\/2020\/09\/ktw-icons-homepage-specjalizacje-6.svg\" alt=\"Nieruchomo\u015bci i inwestycje\/BUD\">\n\t\t<h3>Real estate and construction development<\/h3>\n\t\t<span><i>Find out more<\/i><svg xmlns=\"http:\/\/www.w3.org\/2000\/svg\" width=\"24\" height=\"24\" viewBox=\"0 0 24 24\"><path d=\"M0 0h24v24H0z\" fill=\"none\"\/><path fill=\"currentColor\" d=\"M12 4l-1.41 1.41L16.17 11H4v2h12.17l-5.58 5.59L12 20l8-8z\"\/><\/svg><\/span>\n\t<\/div>\n<\/a>\n\t\t\t\t\t\t\t<a href=\"https:\/\/ktw.legal\/en\/specialization\/court-disputes-and-mediation\/\" class=\"specjalizacje__item\">\n\t<div>\n\t\t<img decoding=\"async\" src=\"https:\/\/ktw.legal\/wp-content\/uploads\/2020\/09\/ktw-icons-homepage-specjalizacje-7.svg\" alt=\"Spory s\u0105dowe i mediacja\">\n\t\t<h3>Court disputes and mediation<\/h3>\n\t\t<span><i>Find out more<\/i><svg xmlns=\"http:\/\/www.w3.org\/2000\/svg\" width=\"24\" height=\"24\" viewBox=\"0 0 24 24\"><path d=\"M0 0h24v24H0z\" fill=\"none\"\/><path fill=\"currentColor\" d=\"M12 4l-1.41 1.41L16.17 11H4v2h12.17l-5.58 5.59L12 20l8-8z\"\/><\/svg><\/span>\n\t<\/div>\n<\/a>\n\t\t\t\t\t\t\t<a href=\"https:\/\/ktw.legal\/en\/specialization\/municipal-management-and-infrastructural-investments\/\" class=\"specjalizacje__item\">\n\t<div>\n\t\t<img decoding=\"async\" src=\"https:\/\/ktw.legal\/wp-content\/uploads\/2020\/09\/ktw-icons-homepage-specjalizacje-8.svg\" alt=\"Gospodarka komunalna i inwestycje infrastrukturalne\">\n\t\t<h3>Municipal management and infrastructural investments<\/h3>\n\t\t<span><i>Find out more<\/i><svg xmlns=\"http:\/\/www.w3.org\/2000\/svg\" width=\"24\" height=\"24\" viewBox=\"0 0 24 24\"><path d=\"M0 0h24v24H0z\" fill=\"none\"\/><path fill=\"currentColor\" d=\"M12 4l-1.41 1.41L16.17 11H4v2h12.17l-5.58 5.59L12 20l8-8z\"\/><\/svg><\/span>\n\t<\/div>\n<\/a>\n\t\t\t\t\t\t\t<a href=\"https:\/\/ktw.legal\/en\/specialization\/energy-and-environment\/\" class=\"specjalizacje__item\">\n\t<div>\n\t\t<img decoding=\"async\" src=\"https:\/\/ktw.legal\/wp-content\/uploads\/2020\/09\/ktw-icons-homepage-specjalizacje-9.svg\" alt=\"Energetyka i \u015brodowisko\">\n\t\t<h3>Energy and environment<\/h3>\n\t\t<span><i>Find out more<\/i><svg xmlns=\"http:\/\/www.w3.org\/2000\/svg\" width=\"24\" height=\"24\" viewBox=\"0 0 24 24\"><path d=\"M0 0h24v24H0z\" fill=\"none\"\/><path fill=\"currentColor\" d=\"M12 4l-1.41 1.41L16.17 11H4v2h12.17l-5.58 5.59L12 20l8-8z\"\/><\/svg><\/span>\n\t<\/div>\n<\/a>\n\t\t\t\t\t\t\t<a href=\"https:\/\/ktw.legal\/en\/specialization\/start-ups\/\" class=\"specjalizacje__item\">\n\t<div>\n\t\t<img decoding=\"async\" src=\"https:\/\/ktw.legal\/wp-content\/uploads\/2020\/09\/ktw-icons-homepage-specjalizacje-10.svg\" alt=\"Startupy\">\n\t\t<h3>START-UPS<\/h3>\n\t\t<span><i>Find out more<\/i><svg xmlns=\"http:\/\/www.w3.org\/2000\/svg\" width=\"24\" height=\"24\" viewBox=\"0 0 24 24\"><path d=\"M0 0h24v24H0z\" fill=\"none\"\/><path fill=\"currentColor\" d=\"M12 4l-1.41 1.41L16.17 11H4v2h12.17l-5.58 5.59L12 20l8-8z\"\/><\/svg><\/span>\n\t<\/div>\n<\/a>\n\t\t\t\t\t\t\t<a href=\"https:\/\/ktw.legal\/en\/specialization\/information-and-data-protection\/\" class=\"specjalizacje__item\">\n\t<div>\n\t\t<img decoding=\"async\" src=\"https:\/\/ktw.legal\/wp-content\/uploads\/2020\/09\/ktw-icons-homepage-specjalizacje-11.svg\" alt=\"Ochrona informacji danych\">\n\t\t<h3>Information and data protection<\/h3>\n\t\t<span><i>Find out more<\/i><svg xmlns=\"http:\/\/www.w3.org\/2000\/svg\" width=\"24\" height=\"24\" viewBox=\"0 0 24 24\"><path d=\"M0 0h24v24H0z\" fill=\"none\"\/><path fill=\"currentColor\" d=\"M12 4l-1.41 1.41L16.17 11H4v2h12.17l-5.58 5.59L12 20l8-8z\"\/><\/svg><\/span>\n\t<\/div>\n<\/a>\n\t\t\t\t\t\t\t<a href=\"https:\/\/ktw.legal\/en\/specialization\/public-procurement\/\" class=\"specjalizacje__item\">\n\t<div>\n\t\t<img decoding=\"async\" src=\"https:\/\/ktw.legal\/wp-content\/uploads\/2020\/09\/ktw-icons-homepage-specjalizacje-12.svg\" alt=\"Zam\u00f3wienia publiczne\">\n\t\t<h3>Public procurement<\/h3>\n\t\t<span><i>Find out more<\/i><svg xmlns=\"http:\/\/www.w3.org\/2000\/svg\" width=\"24\" height=\"24\" viewBox=\"0 0 24 24\"><path d=\"M0 0h24v24H0z\" fill=\"none\"\/><path fill=\"currentColor\" d=\"M12 4l-1.41 1.41L16.17 11H4v2h12.17l-5.58 5.59L12 20l8-8z\"\/><\/svg><\/span>\n\t<\/div>\n<\/a>\n\t\t\t\t\t\t\t<a href=\"https:\/\/ktw.legal\/en\/specialization\/complementary-services\/\" class=\"specjalizacje__item\">\n\t<div>\n\t\t<img decoding=\"async\" src=\"https:\/\/ktw.legal\/wp-content\/uploads\/2020\/09\/ktw-icons-homepage-specjalizacje-13.svg\" alt=\"Us\u0142ugi dodatkowe\">\n\t\t<h3>Complementary services<\/h3>\n\t\t<span><i>Find out more<\/i><svg xmlns=\"http:\/\/www.w3.org\/2000\/svg\" width=\"24\" height=\"24\" viewBox=\"0 0 24 24\"><path d=\"M0 0h24v24H0z\" fill=\"none\"\/><path fill=\"currentColor\" d=\"M12 4l-1.41 1.41L16.17 11H4v2h12.17l-5.58 5.59L12 20l8-8z\"\/><\/svg><\/span>\n\t<\/div>\n<\/a>\n\t\t\t\t\t<\/div>\n\t<\/div>\n\n\n<div class=\"wp-block-columns alignfull are-vertically-aligned-center my-3 my-md-6 fullwidth-tablet is-layout-flex wp-container-core-columns-is-layout-9d6595d7 wp-block-columns-is-layout-flex\">\n<div class=\"wp-block-column is-vertically-aligned-center is-layout-flow wp-block-column-is-layout-flow\" style=\"flex-basis:66.66%\">\n<figure class=\"wp-block-image size-full\"><img loading=\"lazy\" decoding=\"async\" width=\"1236\" height=\"798\" src=\"https:\/\/ktw.legal\/ktw.legal\/wp-content\/uploads\/2020\/09\/home-zespol.jpg\" alt=\"Zesp\u00f3\u0142 specjalist\u00f3w - Katowice\" class=\"wp-image-109\" srcset=\"https:\/\/ktw.legal\/wp-content\/uploads\/2020\/09\/home-zespol.jpg 1236w, https:\/\/ktw.legal\/wp-content\/uploads\/2020\/09\/home-zespol-460x297.jpg 460w, https:\/\/ktw.legal\/wp-content\/uploads\/2020\/09\/home-zespol-830x536.jpg 830w, https:\/\/ktw.legal\/wp-content\/uploads\/2020\/09\/home-zespol-768x496.jpg 768w\" sizes=\"auto, (max-width: 1236px) 100vw, 1236px\" \/><\/figure>\n<\/div>\n\n\n\n<div class=\"wp-block-column is-vertically-aligned-center pr-lg-0-5 px-xxl-2 p-mobile p-tablet is-layout-flow wp-block-column-is-layout-flow\" style=\"flex-basis:33.33%\">\n<h2 class=\"wp-block-heading\">A team of specialists<\/h2>\n\n\n\n<p><strong>KTW.Legal is a team of specialists in various fields of law &#8211; graduates of the best Polish universities.<\/strong><\/p>\n\n\n\n<blockquote class=\"wp-block-quote is-layout-flow wp-block-quote-is-layout-flow\"><p>Expert knowledge, practical experience, proven efficiency.<\/p><\/blockquote>\n\n\n\n<div class=\"wp-block-buttons text-center text-md-left is-layout-flex wp-block-buttons-is-layout-flex\">\n<div class=\"wp-block-button\"><a class=\"wp-block-button__link\" href=\"https:\/\/ktw.legal\/ktw.legal\/en\/team\/\">Meet our team<\/a><\/div>\n<\/div>\n<\/div>\n<\/div>\n\n\n\n<h2 class=\"has-text-align-center mb-3 mb-xxl-6 wp-block-heading\">On our blog<\/h2>\n\n\n<div id=\"news-block_5f50c36bfa954\" class=\"rk_block-news mb-0 alignwide\">\n\t<\/div>\n\n\n<div class=\"wp-block-buttons aligncenter mt-sm-1 mt-xxl-2 is-layout-flex wp-block-buttons-is-layout-flex\">\n<div class=\"wp-block-button\"><a class=\"wp-block-button__link\" href=\"https:\/\/ktw.legal\/ktw.legal\/en\/news\/\">View all entries<\/a><\/div>\n<\/div>\n<div style=\"margin: 20px 0;\"><div class=\"qrcswholewtapper\" style=\"text-align:left;\"><div class=\"qrcprowrapper\"  id=\"qrcwraa2leds\"><div class=\"qrc_canvass\" id=\"qrc_cuttenpages_2\" style=\"display:inline-block\" data-text=\"https:\/\/ktw.legal\/en\/\"><\/div><\/div><\/div><\/div>","protected":false},"excerpt":{"rendered":"<p>Take business into your own hands Leave legal issues to our specialists. The main specializations A team of specialists KTW.Legal is a team of specialists [&hellip;]<\/p>\n","protected":false},"author":1,"featured_media":0,"parent":0,"menu_order":0,"comment_status":"closed","ping_status":"closed","template":"","meta":{"inline_featured_image":false,"footnotes":"","_wp_rev_ctl_limit":""},"class_list":["post-198","page","type-page","status-publish","hentry"],"yoast_head":"<!-- This site is optimized with the Yoast SEO plugin v27.3 - https:\/\/yoast.com\/product\/yoast-seo-wordpress\/ -->\n<title>KTW Legal - We put the law on the side of your business<\/title>\n<meta name=\"robots\" content=\"index, follow, max-snippet:-1, max-image-preview:large, max-video-preview:-1\" \/>\n<link rel=\"canonical\" href=\"https:\/\/ktw.legal\/en\/\" \/>\n<meta property=\"og:locale\" content=\"en_US\" \/>\n<meta property=\"og:type\" content=\"article\" \/>\n<meta property=\"og:title\" content=\"KTW Legal - We put the law on the side of your business\" \/>\n<meta property=\"og:description\" content=\"Take business into your own hands Leave legal issues to our specialists. The main specializations A team of specialists KTW.Legal is a team of specialists [&hellip;]\" \/>\n<meta property=\"og:url\" content=\"https:\/\/ktw.legal\/en\/\" \/>\n<meta property=\"og:site_name\" content=\"KTW Legal\" \/>\n<meta property=\"article:publisher\" content=\"https:\/\/www.facebook.com\/KTW.LegalRadcowiePrawni\/\" \/>\n<meta property=\"article:modified_time\" content=\"2020-11-03T07:16:02+00:00\" \/>\n<meta property=\"og:image\" content=\"https:\/\/ktw.legal\/ktw.legal\/wp-content\/uploads\/2020\/09\/home-zespol.jpg\" \/>\n<meta name=\"twitter:card\" content=\"summary_large_image\" \/>\n<script type=\"application\/ld+json\" class=\"yoast-schema-graph\">{\"@context\":\"https:\\\/\\\/schema.org\",\"@graph\":[{\"@type\":\"WebPage\",\"@id\":\"https:\\\/\\\/ktw.legal\\\/en\\\/\",\"url\":\"https:\\\/\\\/ktw.legal\\\/en\\\/\",\"name\":\"KTW Legal - We put the law on the side of your business\",\"isPartOf\":{\"@id\":\"https:\\\/\\\/ktw.legal\\\/#website\"},\"primaryImageOfPage\":{\"@id\":\"https:\\\/\\\/ktw.legal\\\/en\\\/#primaryimage\"},\"image\":{\"@id\":\"https:\\\/\\\/ktw.legal\\\/en\\\/#primaryimage\"},\"thumbnailUrl\":\"https:\\\/\\\/ktw.legal\\\/ktw.legal\\\/wp-content\\\/uploads\\\/2020\\\/09\\\/home-zespol.jpg\",\"datePublished\":\"2020-09-04T08:53:29+00:00\",\"dateModified\":\"2020-11-03T07:16:02+00:00\",\"breadcrumb\":{\"@id\":\"https:\\\/\\\/ktw.legal\\\/en\\\/#breadcrumb\"},\"inLanguage\":\"en-US\",\"potentialAction\":[{\"@type\":\"ReadAction\",\"target\":[\"https:\\\/\\\/ktw.legal\\\/en\\\/\"]}]},{\"@type\":\"ImageObject\",\"inLanguage\":\"en-US\",\"@id\":\"https:\\\/\\\/ktw.legal\\\/en\\\/#primaryimage\",\"url\":\"https:\\\/\\\/ktw.legal\\\/ktw.legal\\\/wp-content\\\/uploads\\\/2020\\\/09\\\/home-zespol.jpg\",\"contentUrl\":\"https:\\\/\\\/ktw.legal\\\/ktw.legal\\\/wp-content\\\/uploads\\\/2020\\\/09\\\/home-zespol.jpg\"},{\"@type\":\"BreadcrumbList\",\"@id\":\"https:\\\/\\\/ktw.legal\\\/en\\\/#breadcrumb\",\"itemListElement\":[{\"@type\":\"ListItem\",\"position\":1,\"name\":\"Strona g\u0142\u00f3wna\",\"item\":\"https:\\\/\\\/ktw.legal\\\/en\\\/\"},{\"@type\":\"ListItem\",\"position\":2,\"name\":\"Front page\"}]},{\"@type\":\"WebSite\",\"@id\":\"https:\\\/\\\/ktw.legal\\\/#website\",\"url\":\"https:\\\/\\\/ktw.legal\\\/\",\"name\":\"KTW Legal\",\"description\":\"We put the law on the side of your business\",\"publisher\":{\"@id\":\"https:\\\/\\\/ktw.legal\\\/#organization\"},\"potentialAction\":[{\"@type\":\"SearchAction\",\"target\":{\"@type\":\"EntryPoint\",\"urlTemplate\":\"https:\\\/\\\/ktw.legal\\\/?s={search_term_string}\"},\"query-input\":{\"@type\":\"PropertyValueSpecification\",\"valueRequired\":true,\"valueName\":\"search_term_string\"}}],\"inLanguage\":\"en-US\"},{\"@type\":\"Organization\",\"@id\":\"https:\\\/\\\/ktw.legal\\\/#organization\",\"name\":\"ktw legal\",\"url\":\"https:\\\/\\\/ktw.legal\\\/\",\"logo\":{\"@type\":\"ImageObject\",\"inLanguage\":\"en-US\",\"@id\":\"https:\\\/\\\/ktw.legal\\\/#\\\/schema\\\/logo\\\/image\\\/\",\"url\":\"https:\\\/\\\/ktw.legal\\\/wp-content\\\/uploads\\\/2020\\\/09\\\/ktw-favicon.svg\",\"contentUrl\":\"https:\\\/\\\/ktw.legal\\\/wp-content\\\/uploads\\\/2020\\\/09\\\/ktw-favicon.svg\",\"width\":\"830\",\"height\":\"830\",\"caption\":\"ktw legal\"},\"image\":{\"@id\":\"https:\\\/\\\/ktw.legal\\\/#\\\/schema\\\/logo\\\/image\\\/\"},\"sameAs\":[\"https:\\\/\\\/www.facebook.com\\\/KTW.LegalRadcowiePrawni\\\/\",\"https:\\\/\\\/www.linkedin.com\\\/company\\\/ktw-legal-radcowie-prawni\\\/\"]}]}<\/script>\n<!-- \/ Yoast SEO plugin. -->","yoast_head_json":{"title":"KTW Legal - We put the law on the side of your business","robots":{"index":"index","follow":"follow","max-snippet":"max-snippet:-1","max-image-preview":"max-image-preview:large","max-video-preview":"max-video-preview:-1"},"canonical":"https:\/\/ktw.legal\/en\/","og_locale":"en_US","og_type":"article","og_title":"KTW Legal - We put the law on the side of your business","og_description":"Take business into your own hands Leave legal issues to our specialists. The main specializations A team of specialists KTW.Legal is a team of specialists [&hellip;]","og_url":"https:\/\/ktw.legal\/en\/","og_site_name":"KTW Legal","article_publisher":"https:\/\/www.facebook.com\/KTW.LegalRadcowiePrawni\/","article_modified_time":"2020-11-03T07:16:02+00:00","og_image":[{"url":"https:\/\/ktw.legal\/ktw.legal\/wp-content\/uploads\/2020\/09\/home-zespol.jpg","type":"","width":"","height":""}],"twitter_card":"summary_large_image","schema":{"@context":"https:\/\/schema.org","@graph":[{"@type":"WebPage","@id":"https:\/\/ktw.legal\/en\/","url":"https:\/\/ktw.legal\/en\/","name":"KTW Legal - We put the law on the side of your business","isPartOf":{"@id":"https:\/\/ktw.legal\/#website"},"primaryImageOfPage":{"@id":"https:\/\/ktw.legal\/en\/#primaryimage"},"image":{"@id":"https:\/\/ktw.legal\/en\/#primaryimage"},"thumbnailUrl":"https:\/\/ktw.legal\/ktw.legal\/wp-content\/uploads\/2020\/09\/home-zespol.jpg","datePublished":"2020-09-04T08:53:29+00:00","dateModified":"2020-11-03T07:16:02+00:00","breadcrumb":{"@id":"https:\/\/ktw.legal\/en\/#breadcrumb"},"inLanguage":"en-US","potentialAction":[{"@type":"ReadAction","target":["https:\/\/ktw.legal\/en\/"]}]},{"@type":"ImageObject","inLanguage":"en-US","@id":"https:\/\/ktw.legal\/en\/#primaryimage","url":"https:\/\/ktw.legal\/ktw.legal\/wp-content\/uploads\/2020\/09\/home-zespol.jpg","contentUrl":"https:\/\/ktw.legal\/ktw.legal\/wp-content\/uploads\/2020\/09\/home-zespol.jpg"},{"@type":"BreadcrumbList","@id":"https:\/\/ktw.legal\/en\/#breadcrumb","itemListElement":[{"@type":"ListItem","position":1,"name":"Strona g\u0142\u00f3wna","item":"https:\/\/ktw.legal\/en\/"},{"@type":"ListItem","position":2,"name":"Front page"}]},{"@type":"WebSite","@id":"https:\/\/ktw.legal\/#website","url":"https:\/\/ktw.legal\/","name":"KTW Legal","description":"We put the law on the side of your business","publisher":{"@id":"https:\/\/ktw.legal\/#organization"},"potentialAction":[{"@type":"SearchAction","target":{"@type":"EntryPoint","urlTemplate":"https:\/\/ktw.legal\/?s={search_term_string}"},"query-input":{"@type":"PropertyValueSpecification","valueRequired":true,"valueName":"search_term_string"}}],"inLanguage":"en-US"},{"@type":"Organization","@id":"https:\/\/ktw.legal\/#organization","name":"ktw legal","url":"https:\/\/ktw.legal\/","logo":{"@type":"ImageObject","inLanguage":"en-US","@id":"https:\/\/ktw.legal\/#\/schema\/logo\/image\/","url":"https:\/\/ktw.legal\/wp-content\/uploads\/2020\/09\/ktw-favicon.svg","contentUrl":"https:\/\/ktw.legal\/wp-content\/uploads\/2020\/09\/ktw-favicon.svg","width":"830","height":"830","caption":"ktw legal"},"image":{"@id":"https:\/\/ktw.legal\/#\/schema\/logo\/image\/"},"sameAs":["https:\/\/www.facebook.com\/KTW.LegalRadcowiePrawni\/","https:\/\/www.linkedin.com\/company\/ktw-legal-radcowie-prawni\/"]}]}},"_links":{"self":[{"href":"https:\/\/ktw.legal\/en\/wp-json\/wp\/v2\/pages\/198","targetHints":{"allow":["GET"]}}],"collection":[{"href":"https:\/\/ktw.legal\/en\/wp-json\/wp\/v2\/pages"}],"about":[{"href":"https:\/\/ktw.legal\/en\/wp-json\/wp\/v2\/types\/page"}],"author":[{"embeddable":true,"href":"https:\/\/ktw.legal\/en\/wp-json\/wp\/v2\/users\/1"}],"replies":[{"embeddable":true,"href":"https:\/\/ktw.legal\/en\/wp-json\/wp\/v2\/comments?post=198"}],"version-history":[{"count":10,"href":"https:\/\/ktw.legal\/en\/wp-json\/wp\/v2\/pages\/198\/revisions"}],"predecessor-version":[{"id":669,"href":"https:\/\/ktw.legal\/en\/wp-json\/wp\/v2\/pages\/198\/revisions\/669"}],"wp:attachment":[{"href":"https:\/\/ktw.legal\/en\/wp-json\/wp\/v2\/media?parent=198"}],"curies":[{"name":"wp","href":"https:\/\/api.w.org\/{rel}","templated":true}]}}